{"id":1932,"date":"2021-03-24T07:46:26","date_gmt":"2021-03-24T10:46:26","guid":{"rendered":"https:\/\/mount.engineering\/sobre-nosotros\/"},"modified":"2025-05-28T12:40:21","modified_gmt":"2025-05-28T15:40:21","slug":"sobre-nosotros","status":"publish","type":"page","link":"https:\/\/mount.engineering\/es\/sobre-nosotros\/","title":{"rendered":"Sobre Nosotros"},"content":{"rendered":"\t\t<div data-elementor-type=\"wp-page\" data-elementor-id=\"1932\" class=\"elementor elementor-1932 elementor-677\" data-elementor-post-type=\"page\">\n\t\t\t\t\t\t<section class=\"elementor-section elementor-top-section elementor-element elementor-element-202def5 elementor-section-height-min-height elementor-section-items-stretch elementor-section-boxed elementor-section-height-default\" data-id=\"202def5\" data-element_type=\"section\" data-e-type=\"section\" data-settings=\"{&quot;background_background&quot;:&quot;classic&quot;}\">\n\t\t\t\t\t\t\t<div class=\"elementor-background-overlay\"><\/div>\n\t\t\t\t\t\t\t<div class=\"elementor-container elementor-column-gap-default\">\n\t\t\t\t\t<div class=\"elementor-column elementor-col-100 elementor-top-column elementor-element elementor-element-4dbc278\" data-id=\"4dbc278\" data-element_type=\"column\" data-e-type=\"column\">\n\t\t\t<div class=\"elementor-widget-wrap elementor-element-populated\">\n\t\t\t\t\t\t<div class=\"elementor-element elementor-element-2417269 elementor-tablet-align-center elementor-align-center elementor-widget elementor-widget-raven-heading\" data-id=\"2417269\" data-element_type=\"widget\" data-e-type=\"widget\" data-widget_type=\"raven-heading.default\">\n\t\t\t\t<div class=\"elementor-widget-container\">\n\t\t\t\t\t\t\t<div class=\"raven-widget-wrapper\"><h1 class=\"raven-heading raven-heading-h1\"><span class=\"raven-heading-title \">Sobre Nosotros<\/span><\/h1><\/div>\n\t\t\t\t\t\t<\/div>\n\t\t\t\t<\/div>\n\t\t\t\t\t<\/div>\n\t\t<\/div>\n\t\t\t\t\t<\/div>\n\t\t<\/section>\n\t\t\t\t<section class=\"elementor-section elementor-top-section elementor-element elementor-element-b60813e elementor-section-boxed elementor-section-height-default elementor-section-height-default\" data-id=\"b60813e\" data-element_type=\"section\" data-e-type=\"section\">\n\t\t\t\t\t\t<div class=\"elementor-container elementor-column-gap-default\">\n\t\t\t\t\t<div class=\"elementor-column elementor-col-50 elementor-top-column elementor-element elementor-element-284a0c5\" data-id=\"284a0c5\" data-element_type=\"column\" data-e-type=\"column\">\n\t\t\t<div class=\"elementor-widget-wrap elementor-element-populated\">\n\t\t\t\t\t\t<div class=\"elementor-element elementor-element-3dd8b6a elementor-tablet-align-center elementor-align-left elementor-widget elementor-widget-raven-heading\" data-id=\"3dd8b6a\" data-element_type=\"widget\" data-e-type=\"widget\" data-widget_type=\"raven-heading.default\">\n\t\t\t\t<div class=\"elementor-widget-container\">\n\t\t\t\t\t\t\t<div class=\"raven-widget-wrapper\"><h2 class=\"raven-heading raven-heading-h2\"><span class=\"raven-heading-title \">Enfoque local. Alcance global.<\/span><\/h2><\/div>\n\t\t\t\t\t\t<\/div>\n\t\t\t\t<\/div>\n\t\t\t\t<div class=\"elementor-element elementor-element-6049ebf elementor-widget elementor-widget-text-editor\" data-id=\"6049ebf\" data-element_type=\"widget\" data-e-type=\"widget\" data-widget_type=\"text-editor.default\">\n\t\t\t\t<div class=\"elementor-widget-container\">\n\t\t\t\t\t\t\t\t\t<p>\u00a0 Mount opera principalmente en la industria de la energ\u00eda. Esta industria exige los m\u00e1s altos est\u00e1ndares de salud y seguridad, competencia profesional e integridad.<\/p><p>\u00a0 Nuestro objetivo es la excelencia en todo lo que hacemos, buscando proteger y preservar el medio ambiente y las instalaciones necesarias para una energ\u00eda sostenible.<\/p>\t\t\t\t\t\t\t\t<\/div>\n\t\t\t\t<\/div>\n\t\t\t\t\t<\/div>\n\t\t<\/div>\n\t\t\t\t<div class=\"elementor-column elementor-col-50 elementor-top-column elementor-element elementor-element-ccb750f\" data-id=\"ccb750f\" data-element_type=\"column\" data-e-type=\"column\">\n\t\t\t<div class=\"elementor-widget-wrap elementor-element-populated\">\n\t\t\t\t\t\t<div class=\"elementor-element elementor-element-542d1ec elementor-widget elementor-widget-raven-image\" data-id=\"542d1ec\" data-element_type=\"widget\" data-e-type=\"widget\" data-widget_type=\"raven-image.default\">\n\t\t\t\t<div class=\"elementor-widget-container\">\n\t\t\t\t\t\t\t<div class=\"raven-image\">\n\t\t\n\t\t\n\t\t<img fetchpriority=\"high\" decoding=\"async\" width=\"568\" height=\"383\" src=\"https:\/\/mount.engineering\/wp-content\/uploads\/2020\/06\/home-bg-02.jpg\" class=\"attachment-full size-full wp-image-1759\" alt=\"\" srcset=\"https:\/\/mount.engineering\/wp-content\/uploads\/2020\/06\/home-bg-02.jpg 568w, https:\/\/mount.engineering\/wp-content\/uploads\/2020\/06\/home-bg-02-300x202.jpg 300w\" sizes=\"(max-width: 568px) 100vw, 568px\" \/>\t\t<\/div>\n\t\t\t\t\t\t<\/div>\n\t\t\t\t<\/div>\n\t\t\t\t<section class=\"elementor-section elementor-inner-section elementor-element elementor-element-35b3b55 elementor-section-height-min-height elementor-section-content-middle elementor-section-boxed elementor-section-height-default\" data-id=\"35b3b55\" data-element_type=\"section\" data-e-type=\"section\">\n\t\t\t\t\t\t<div class=\"elementor-container elementor-column-gap-default\">\n\t\t\t\t\t<div class=\"elementor-column elementor-col-100 elementor-inner-column elementor-element elementor-element-8e78d7d\" data-id=\"8e78d7d\" data-element_type=\"column\" data-e-type=\"column\" data-settings=\"{&quot;background_background&quot;:&quot;classic&quot;}\">\n\t\t\t<div class=\"elementor-widget-wrap\">\n\t\t\t\t\t\t\t<\/div>\n\t\t<\/div>\n\t\t\t\t\t<\/div>\n\t\t<\/section>\n\t\t\t\t\t<\/div>\n\t\t<\/div>\n\t\t\t\t\t<\/div>\n\t\t<\/section>\n\t\t\t\t<section class=\"elementor-section elementor-top-section elementor-element elementor-element-11bc47c3 elementor-section-boxed elementor-section-height-default elementor-section-height-default\" data-id=\"11bc47c3\" data-element_type=\"section\" data-e-type=\"section\">\n\t\t\t\t\t\t<div class=\"elementor-container elementor-column-gap-default\">\n\t\t\t\t\t<div class=\"elementor-column elementor-col-100 elementor-top-column elementor-element elementor-element-51084d00\" data-id=\"51084d00\" data-element_type=\"column\" data-e-type=\"column\">\n\t\t\t<div class=\"elementor-widget-wrap elementor-element-populated\">\n\t\t\t\t\t\t<div class=\"elementor-element elementor-element-75864735 elementor-widget elementor-widget-text-editor\" data-id=\"75864735\" data-element_type=\"widget\" data-e-type=\"widget\" data-widget_type=\"text-editor.default\">\n\t\t\t\t<div class=\"elementor-widget-container\">\n\t\t\t\t\t\t\t\t\t<p>El sector energ\u00e9tico sigue atrayendo inversiones de empresas extranjeras interesadas en operar en Brasil. Mount Engineering and Consulting tiene experiencia en ingenier\u00eda de cumplimiento normativo y certificaci\u00f3n de instalaciones industriales que operan dentro y fuera de la costa de Brasil. Nuestros expertos conocen los requisitos escritos en el marco regulatorio brasile\u00f1o, desde el Ministerio de Trabajo hasta las Autoridades Mar\u00edtimas (NORMAM, ANTAQ), Energ\u00eda (ANP, ANEEL) y Autoridades Ambientales (IBAMA).<\/p>\n<p>En Brasil, Mount est\u00e1 legalmente constituido para facilitar empresas conjuntas, asociaciones de prop\u00f3sito especial y consorcios.\u00a0 Tambi\u00e9n ofrecemos servicios de consultor\u00eda y apoyo a organizaciones extranjeras que buscan establecerse en Brasil, y a organizaciones brasile\u00f1as que buscan oportunidades en el Reino Unido y Europa.<\/p>\n\t\t\t\t\t\t\t\t<\/div>\n\t\t\t\t<\/div>\n\t\t\t\t\t<\/div>\n\t\t<\/div>\n\t\t\t\t\t<\/div>\n\t\t<\/section>\n\t\t\t\t<section class=\"elementor-section elementor-top-section elementor-element elementor-element-d42e097 elementor-section-boxed elementor-section-height-default elementor-section-height-default\" data-id=\"d42e097\" data-element_type=\"section\" data-e-type=\"section\">\n\t\t\t\t\t\t<div class=\"elementor-container elementor-column-gap-default\">\n\t\t\t\t\t<div class=\"elementor-column elementor-col-100 elementor-top-column elementor-element elementor-element-11f6f0b\" data-id=\"11f6f0b\" data-element_type=\"column\" data-e-type=\"column\">\n\t\t\t<div class=\"elementor-widget-wrap\">\n\t\t\t\t\t\t\t<\/div>\n\t\t<\/div>\n\t\t\t\t\t<\/div>\n\t\t<\/section>\n\t\t\t\t<section class=\"elementor-section elementor-top-section elementor-element elementor-element-1ef2ec6 elementor-section-content-middle elementor-section-boxed elementor-section-height-default elementor-section-height-default\" data-id=\"1ef2ec6\" data-element_type=\"section\" data-e-type=\"section\" data-settings=\"{&quot;background_background&quot;:&quot;classic&quot;}\">\n\t\t\t\t\t\t<div class=\"elementor-container elementor-column-gap-default\">\n\t\t\t\t\t<div class=\"elementor-column elementor-col-50 elementor-top-column elementor-element elementor-element-a9adbca\" data-id=\"a9adbca\" data-element_type=\"column\" data-e-type=\"column\">\n\t\t\t<div class=\"elementor-widget-wrap elementor-element-populated\">\n\t\t\t\t\t\t<div class=\"elementor-element elementor-element-8498e26 elementor-widget elementor-widget-image\" data-id=\"8498e26\" data-element_type=\"widget\" data-e-type=\"widget\" data-widget_type=\"image.default\">\n\t\t\t\t<div class=\"elementor-widget-container\">\n\t\t\t\t\t\t\t\t\t\t\t\t\t\t\t<img decoding=\"async\" width=\"512\" height=\"512\" src=\"https:\/\/mount.engineering\/wp-content\/uploads\/2025\/04\/icone.png\" class=\"attachment-large size-large wp-image-2718\" alt=\"\" srcset=\"https:\/\/mount.engineering\/wp-content\/uploads\/2025\/04\/icone.png 512w, https:\/\/mount.engineering\/wp-content\/uploads\/2025\/04\/icone-300x300.png 300w, https:\/\/mount.engineering\/wp-content\/uploads\/2025\/04\/icone-150x150.png 150w, https:\/\/mount.engineering\/wp-content\/uploads\/2025\/04\/icone-500x500.png 500w\" sizes=\"(max-width: 512px) 100vw, 512px\" \/>\t\t\t\t\t\t\t\t\t\t\t\t\t\t\t<\/div>\n\t\t\t\t<\/div>\n\t\t\t\t\t<\/div>\n\t\t<\/div>\n\t\t\t\t<div class=\"elementor-column elementor-col-50 elementor-top-column elementor-element elementor-element-cef35dc\" data-id=\"cef35dc\" data-element_type=\"column\" data-e-type=\"column\">\n\t\t\t<div class=\"elementor-widget-wrap elementor-element-populated\">\n\t\t\t\t\t\t<div class=\"elementor-element elementor-element-44fea41 elementor-widget__width-initial elementor-widget elementor-widget-raven-advanced-accordion\" data-id=\"44fea41\" data-element_type=\"widget\" data-e-type=\"widget\" data-widget_type=\"raven-advanced-accordion.default\">\n\t\t\t\t<div class=\"elementor-widget-container\">\n\t\t\t\t\t\t\t\t<div id=\"jupiterx-advanced-accordion-wrapper\" class=\"jupiterx-advanced-accordion-wrapper\">\n\t\t\t\t<div class=\"jupiterx-advanced-accordion-inner-wrapper\">\n\t\t\t\t\t\t\t\t\t\t\t\t\t\t<div class=\"jupiterx-single-advanced-accordion-wrapper  jx-ac-first  jx-ac-active\" id=\"\" >\n\t\t\t\t<div class=\"jx-single-accordion-header\">\n\t\t\t\t\t<div class=\"jx-single-accordion-header-left\">\n\t\t\t\t\t\t<div class=\"jx-single-accordion-header-icon-toggle-wrapper\" >\n\t\t\t\t\t\t\t<i aria-hidden=\"true\" class=\"jx-ac-label-icon far fa-dot-circle\"><\/i>\t\t\t\t\t\t<\/div>\n\t\t\t\t\t\t<span class=\"jx-ac-title\">Misi\u00f3n<\/span>\t\t\t\t\t<\/div>\n\t\t\t\t\t<div class=\"jx-single-accordion-header-right\">\n\t\t\t\t\t\t<i aria-hidden=\"true\" class=\"jx-ac-icon-body-closed jx-ac-toggle-icon fas fa-chevron-right\"><\/i><i aria-hidden=\"true\" class=\"jx-ac-icon-body-opened jx-ac-toggle-icon fas fa-chevron-down\"><\/i>\t\t\t\t\t<\/div>\n\t\t\t\t<\/div>\n\t\t\t\t<div class=\"jx-single-accordion-body  jx-ac-body-block\">\n\t\t\t\t\t<div class=\"jx-ac-content\">\n\t\t\t\t\t\t<div class=\"jx-ac-content-inner-wrapper\">\n\t\t\t\t\t\t\t<div class=\"jupiterx-ac-content-is-editor\"><p>\u00a0 \u00a0Mount ECCP contribuir\u00e1 de manera efectiva a la econom\u00eda de los pa\u00edses en los que opera de forma positiva. Lo haremos mediante una participaci\u00f3n activa en proyectos con empresas que tienen como objetivo la eficiencia energ\u00e9tica y el desarrollo<br \/>sostenible.<\/p><p>\u00a0 Buscaremos activamente oportunidades para aumentar la participaci\u00f3n en el mercado de materiales, equipos y productos fabricados por industrias nacionales.<\/p><p>\u00a0 Crearemos un ambiente de trabajo donde las personas que trabajen con nosotros puedan desarrollar sus habilidades y competencias.<\/p><\/div>\t\t\t\t\t\t<\/div>\n\t\t\t\t\t<\/div>\n\t\t\t\t<\/div>\n\t\t\t<\/div>\n\t\t\t\t\t\t\t\t\t\t\t\t\t\t\t\t<div class=\"jupiterx-single-advanced-accordion-wrapper  jx-ac-inactive\" id=\"\" >\n\t\t\t\t<div class=\"jx-single-accordion-header\">\n\t\t\t\t\t<div class=\"jx-single-accordion-header-left\">\n\t\t\t\t\t\t<div class=\"jx-single-accordion-header-icon-toggle-wrapper\" >\n\t\t\t\t\t\t\t<i aria-hidden=\"true\" class=\"jx-ac-label-icon far fa-check-circle\"><\/i>\t\t\t\t\t\t<\/div>\n\t\t\t\t\t\t<span class=\"jx-ac-title\">Visi\u00f3n<\/span>\t\t\t\t\t<\/div>\n\t\t\t\t\t<div class=\"jx-single-accordion-header-right\">\n\t\t\t\t\t\t<i aria-hidden=\"true\" class=\"jx-ac-icon-body-closed jx-ac-toggle-icon fas fa-chevron-right\"><\/i><i aria-hidden=\"true\" class=\"jx-ac-icon-body-opened jx-ac-toggle-icon fas fa-chevron-down\"><\/i>\t\t\t\t\t<\/div>\n\t\t\t\t<\/div>\n\t\t\t\t<div class=\"jx-single-accordion-body  jx-ac-body-none\">\n\t\t\t\t\t<div class=\"jx-ac-content\">\n\t\t\t\t\t\t<div class=\"jx-ac-content-inner-wrapper\">\n\t\t\t\t\t\t\t<div class=\"jupiterx-ac-content-is-editor\"><p>\u00a0 Mount ECCP priorizar\u00e1 oportunidades de negocio y desarrollar\u00e1 relaciones con clientes comprometidos\u00a0 con la energ\u00eda de bajas emisiones de carbono, una biosfera saludable y el desarrollo sostenible, en benef\u00edcio de las generaciones presentes y futuras.<\/p><p>\uf0b7 Mediremos nuestro desempe\u00f1o en funci\u00f3n del objetivo de carbono neto cero para el a\u00f1o 2030.<\/p><p>\uf0b7 Seremos reconocidos como una empresa responsable, construida sobre la base de la<br \/>creatividad, la objetividad, la integridad y la \u00e9tica, por nuestros acionistas y por las comunidades en las<br \/>que trabajamos.<\/p><\/div>\t\t\t\t\t\t<\/div>\n\t\t\t\t\t<\/div>\n\t\t\t\t<\/div>\n\t\t\t<\/div>\n\t\t\t\t\t\t\t\t\t\t\t\t\t\t\t\t<div class=\"jupiterx-single-advanced-accordion-wrapper  jx-ac-last  jx-ac-inactive\" id=\"\" >\n\t\t\t\t<div class=\"jx-single-accordion-header\">\n\t\t\t\t\t<div class=\"jx-single-accordion-header-left\">\n\t\t\t\t\t\t<div class=\"jx-single-accordion-header-icon-toggle-wrapper\" >\n\t\t\t\t\t\t\t<i aria-hidden=\"true\" class=\"jx-ac-label-icon far fa-arrow-alt-circle-right\"><\/i>\t\t\t\t\t\t<\/div>\n\t\t\t\t\t\t<span class=\"jx-ac-title\">Pol\u00edtica<\/span>\t\t\t\t\t<\/div>\n\t\t\t\t\t<div class=\"jx-single-accordion-header-right\">\n\t\t\t\t\t\t<i aria-hidden=\"true\" class=\"jx-ac-icon-body-closed jx-ac-toggle-icon fas fa-chevron-right\"><\/i><i aria-hidden=\"true\" class=\"jx-ac-icon-body-opened jx-ac-toggle-icon fas fa-chevron-down\"><\/i>\t\t\t\t\t<\/div>\n\t\t\t\t<\/div>\n\t\t\t\t<div class=\"jx-single-accordion-body  jx-ac-body-none\">\n\t\t\t\t\t<div class=\"jx-ac-content\">\n\t\t\t\t\t\t<div class=\"jx-ac-content-inner-wrapper\">\n\t\t\t\t\t\t\t<div class=\"jupiterx-ac-content-is-editor\"><p>QHSE - (Calidad, Seguridad, Medio Ambiente y Salud)<\/p><p>Deber de cuidado:<br \/>Reconocemos nuestro deber de cuidado hacia nuestros clientes, empleados y proveedores, garantizando condiciones de trabajo seguras y mitigando peligros y riesgos.<\/p><p>Integridad y \u00c9tica:<br \/>Nos enorgullece nuestra reputaci\u00f3n como un socio comercial confiable y practicamos la tolerancia cero hacia la corrupci\u00f3n.<br \/>Exigimos el cumplimiento de las regulaciones aplicables y de las normas \u00e9ticas esperadas por nuestros accionistas.<\/p><p>Atenci\u00f3n a los detalles:<br \/>Dondequiera que trabajemos, no comprometeremos nuestra integridad por falta de cuidado o atenci\u00f3n a los detalles.<\/p><p>Desarrollo de los empleados:<br \/>Apoyamos e incentivamos la formaci\u00f3n, la concienciaci\u00f3n y la participaci\u00f3n en el desarrollo personal para involucrar y<br \/>mantener el compromiso de nuestros empleados.<\/p><p>Bienestar de la comunidad:<br \/>Tomamos medidas responsables para proteger el bienestar de todas las personas y comunidades donde operamos, as\u00ed como de los entornos en los que actuamos.<\/p><p>Mejora continua:<br \/>Buscamos oportunidades para mejorar nuestro rendimiento y eficiencia, actuando de forma responsable para maximizar esas oportunidades y fomentar la colaboraci\u00f3n con nuestros clientes y proveedores.<\/p><\/div>\t\t\t\t\t\t<\/div>\n\t\t\t\t\t<\/div>\n\t\t\t\t<\/div>\n\t\t\t<\/div>\n\t\t\t\t\t\t\t\t\t\t\t<\/div>\n\t\t\t<\/div>\n\t\t\t\t\t\t\t<\/div>\n\t\t\t\t<\/div>\n\t\t\t\t\t<\/div>\n\t\t<\/div>\n\t\t\t\t\t<\/div>\n\t\t<\/section>\n\t\t\t\t<\/div>\n\t\t","protected":false},"excerpt":{"rendered":"<p>Sobre Nosotros Enfoque local. Alcance global. \u00a0 Mount opera principalmente en la industria de la energ\u00eda. Esta industria exige los m\u00e1s altos est\u00e1ndares de salud y seguridad, competencia profesional e integridad. \u00a0 Nuestro objetivo es la excelencia en todo lo que hacemos, buscando proteger y preservar el medio ambiente y las instalaciones necesarias para una [&hellip;]<\/p>\n","protected":false},"author":1,"featured_media":1238,"parent":0,"menu_order":0,"comment_status":"closed","ping_status":"closed","template":"elementor_header_footer","meta":{"_acf_changed":false,"footnotes":""},"class_list":["post-1932","page","type-page","status-publish","has-post-thumbnail","hentry"],"acf":[],"_links":{"self":[{"href":"https:\/\/mount.engineering\/es\/wp-json\/wp\/v2\/pages\/1932","targetHints":{"allow":["GET"]}}],"collection":[{"href":"https:\/\/mount.engineering\/es\/wp-json\/wp\/v2\/pages"}],"about":[{"href":"https:\/\/mount.engineering\/es\/wp-json\/wp\/v2\/types\/page"}],"author":[{"embeddable":true,"href":"https:\/\/mount.engineering\/es\/wp-json\/wp\/v2\/users\/1"}],"replies":[{"embeddable":true,"href":"https:\/\/mount.engineering\/es\/wp-json\/wp\/v2\/comments?post=1932"}],"version-history":[{"count":8,"href":"https:\/\/mount.engineering\/es\/wp-json\/wp\/v2\/pages\/1932\/revisions"}],"predecessor-version":[{"id":2738,"href":"https:\/\/mount.engineering\/es\/wp-json\/wp\/v2\/pages\/1932\/revisions\/2738"}],"wp:featuredmedia":[{"embeddable":true,"href":"https:\/\/mount.engineering\/es\/wp-json\/wp\/v2\/media\/1238"}],"wp:attachment":[{"href":"https:\/\/mount.engineering\/es\/wp-json\/wp\/v2\/media?parent=1932"}],"curies":[{"name":"wp","href":"https:\/\/api.w.org\/{rel}","templated":true}]}}