{"id":1945,"date":"2021-03-24T08:02:36","date_gmt":"2021-03-24T11:02:36","guid":{"rendered":"https:\/\/mount.engineering\/servicios\/consultoria\/"},"modified":"2021-03-25T08:11:16","modified_gmt":"2021-03-25T11:11:16","slug":"consultoria","status":"publish","type":"page","link":"https:\/\/mount.engineering\/es\/servicios\/consultoria\/","title":{"rendered":"Consultor\u00eda"},"content":{"rendered":"\t\t<div data-elementor-type=\"wp-page\" data-elementor-id=\"1945\" class=\"elementor elementor-1945 elementor-925\" data-elementor-post-type=\"page\">\n\t\t\t\t\t\t<section class=\"elementor-section elementor-top-section elementor-element elementor-element-202def5 elementor-section-height-min-height elementor-section-items-stretch elementor-section-boxed elementor-section-height-default\" data-id=\"202def5\" data-element_type=\"section\" data-e-type=\"section\" data-settings=\"{&quot;background_background&quot;:&quot;classic&quot;}\">\n\t\t\t\t\t\t\t<div class=\"elementor-background-overlay\"><\/div>\n\t\t\t\t\t\t\t<div class=\"elementor-container elementor-column-gap-default\">\n\t\t\t\t\t<div class=\"elementor-column elementor-col-100 elementor-top-column elementor-element elementor-element-4dbc278\" data-id=\"4dbc278\" data-element_type=\"column\" data-e-type=\"column\">\n\t\t\t<div class=\"elementor-widget-wrap elementor-element-populated\">\n\t\t\t\t\t\t<div class=\"elementor-element elementor-element-2417269 elementor-tablet-align-center elementor-align-center elementor-widget elementor-widget-raven-heading\" data-id=\"2417269\" data-element_type=\"widget\" data-e-type=\"widget\" data-widget_type=\"raven-heading.default\">\n\t\t\t\t<div class=\"elementor-widget-container\">\n\t\t\t\t\t\t\t<div class=\"raven-widget-wrapper\"><h1 class=\"raven-heading raven-heading-h1\"><span class=\"raven-heading-title \">Consultor\u00eda<\/span><\/h1><\/div>\n\t\t\t\t\t\t<\/div>\n\t\t\t\t<\/div>\n\t\t\t\t\t<\/div>\n\t\t<\/div>\n\t\t\t\t\t<\/div>\n\t\t<\/section>\n\t\t\t\t<section class=\"elementor-section elementor-top-section elementor-element elementor-element-27ec954d elementor-section-boxed elementor-section-height-default elementor-section-height-default\" data-id=\"27ec954d\" data-element_type=\"section\" data-e-type=\"section\">\n\t\t\t\t\t\t<div class=\"elementor-container elementor-column-gap-default\">\n\t\t\t\t\t<div class=\"elementor-column elementor-col-100 elementor-top-column elementor-element elementor-element-7a929782\" data-id=\"7a929782\" data-element_type=\"column\" data-e-type=\"column\">\n\t\t\t<div class=\"elementor-widget-wrap elementor-element-populated\">\n\t\t\t\t\t\t<div class=\"elementor-element elementor-element-8ade842 elementor-tablet-align-center elementor-align-left elementor-widget elementor-widget-raven-heading\" data-id=\"8ade842\" data-element_type=\"widget\" data-e-type=\"widget\" data-widget_type=\"raven-heading.default\">\n\t\t\t\t<div class=\"elementor-widget-container\">\n\t\t\t\t\t\t\t<div class=\"raven-widget-wrapper\"><h4 class=\"raven-heading raven-heading-h4\"><span class=\"raven-heading-title \">Servicios<\/span><\/h4><\/div>\n\t\t\t\t\t\t<\/div>\n\t\t\t\t<\/div>\n\t\t\t\t<div class=\"elementor-element elementor-element-5d0432c3 elementor-tablet-align-center elementor-align-left elementor-widget elementor-widget-raven-heading\" data-id=\"5d0432c3\" data-element_type=\"widget\" data-e-type=\"widget\" data-widget_type=\"raven-heading.default\">\n\t\t\t\t<div class=\"elementor-widget-container\">\n\t\t\t\t\t\t\t<div class=\"raven-widget-wrapper\"><h2 class=\"raven-heading raven-heading-h2\"><span class=\"raven-heading-title \">Consultor\u00eda<\/span><\/h2><\/div>\n\t\t\t\t\t\t<\/div>\n\t\t\t\t<\/div>\n\t\t\t\t<div class=\"elementor-element elementor-element-38d38c4 elementor-widget elementor-widget-text-editor\" data-id=\"38d38c4\" data-element_type=\"widget\" data-e-type=\"widget\" data-widget_type=\"text-editor.default\">\n\t\t\t\t<div class=\"elementor-widget-container\">\n\t\t\t\t\t\t\t\t\t<p><strong>CONTRATACI\u00d3N DE PERSONAL CUALIFICADO<\/strong><br \/>Expertos experimentados en proyectos \u2013 Mount proporciona a nuestros clientes personal cuidadosamente seleccionado para satisfacer necesidades t\u00e9cnicas y organizativas espec\u00edficas \u2013 cuando sea necesario. Mantenemos una base de datos global de candidatos experimentados. Tenemos una alianza estrat\u00e9gica con BWS International en el Reino Unido, permitiendo el acceso a su extensa base de datos de contratos y especialistas en controles de proyectos (<a href=\"http:\/\/www.bwsinternational.co.uk\/\" target=\"_blank\" rel=\"noopener\">v\u00e9ase BWS International &#8211; Quality over Quantity<\/a>).<\/p><p><strong>INTEGRIDAD DE LOS ACTIVOS INDUSTRIALES<\/strong><br \/>La inspecci\u00f3n, el mantenimiento y la conservaci\u00f3n de equipos operativos, infraestructura e instalaciones son vitales para prolongar la vida \u00fatil de los Activos Industriales. Estas actividades pueden mejorarse aplicando tecnolog\u00eda de habilitaci\u00f3n para la previsi\u00f3n, supervisi\u00f3n y evaluaci\u00f3n sistem\u00e1tica de los datos.<br \/>Mount puede ayudar mediante la utilizaci\u00f3n de t\u00e9cnicas de inspecci\u00f3n de apoyo para la planificaci\u00f3n de operaciones y mantenimiento (RCM, mantenimiento centrado en la fiabilidad; TPM, Mantenimiento Productivo Total; RBI, Inspecci\u00f3n basada en riesgos).<\/p><p><strong>INVESTIGACI\u00d3N DE FALLAS Y DIAGN\u00d3STICOS (CAUSA RA\u00cdZ)<\/strong><br \/>Proporcionamos expertos para aplicar las mejores pr\u00e1cticas para identificar las causas profundas de fallas operativas y defectos fabricados.<\/p><p><strong>RENDIMIENTO EMPRESARIAL Y GESTI\u00d3N DE PROYECTOS<\/strong><br \/>Mount ofrece sistemas de gesti\u00f3n probados, sistemas aut\u00f3nomos e integrados (CHEQS\u00ae), soluciones y tecnolog\u00edas para la gesti\u00f3n operativa y la ejecuci\u00f3n de proyectos. Ofrecemos informaci\u00f3n de proyectos de alto rendimiento y gesti\u00f3n integrada de valor agregado (control de documentaci\u00f3n, archiving \/ gesti\u00f3n de recuperaci\u00f3n de datos, an\u00e1lisis de progreso del flujo de trabajo para medios virtuales y f\u00edsicos).<\/p><p><strong>OTRO<\/strong><br \/>Proyectos especiales: Mount investigar\u00e1 y\/o desarrollar\u00e1 la soluci\u00f3n dise\u00f1ada de acuerdo con las necesidades del cliente.<\/p>\t\t\t\t\t\t\t\t<\/div>\n\t\t\t\t<\/div>\n\t\t\t\t\t<\/div>\n\t\t<\/div>\n\t\t\t\t\t<\/div>\n\t\t<\/section>\n\t\t\t\t<\/div>\n\t\t","protected":false},"excerpt":{"rendered":"<p>Consultor\u00eda Servicios Consultor\u00eda CONTRATACI\u00d3N DE PERSONAL CUALIFICADOExpertos experimentados en proyectos \u2013 Mount proporciona a nuestros clientes personal cuidadosamente seleccionado para satisfacer necesidades t\u00e9cnicas y organizativas espec\u00edficas \u2013 cuando sea necesario. Mantenemos una base de datos global de candidatos experimentados. Tenemos una alianza estrat\u00e9gica con BWS International en el Reino Unido, permitiendo el acceso a su [&hellip;]<\/p>\n","protected":false},"author":1,"featured_media":1250,"parent":1935,"menu_order":0,"comment_status":"closed","ping_status":"closed","template":"elementor_header_footer","meta":{"_acf_changed":false,"footnotes":""},"class_list":["post-1945","page","type-page","status-publish","has-post-thumbnail","hentry"],"acf":[],"_links":{"self":[{"href":"https:\/\/mount.engineering\/es\/wp-json\/wp\/v2\/pages\/1945","targetHints":{"allow":["GET"]}}],"collection":[{"href":"https:\/\/mount.engineering\/es\/wp-json\/wp\/v2\/pages"}],"about":[{"href":"https:\/\/mount.engineering\/es\/wp-json\/wp\/v2\/types\/page"}],"author":[{"embeddable":true,"href":"https:\/\/mount.engineering\/es\/wp-json\/wp\/v2\/users\/1"}],"replies":[{"embeddable":true,"href":"https:\/\/mount.engineering\/es\/wp-json\/wp\/v2\/comments?post=1945"}],"version-history":[{"count":5,"href":"https:\/\/mount.engineering\/es\/wp-json\/wp\/v2\/pages\/1945\/revisions"}],"predecessor-version":[{"id":2102,"href":"https:\/\/mount.engineering\/es\/wp-json\/wp\/v2\/pages\/1945\/revisions\/2102"}],"up":[{"embeddable":true,"href":"https:\/\/mount.engineering\/es\/wp-json\/wp\/v2\/pages\/1935"}],"wp:featuredmedia":[{"embeddable":true,"href":"https:\/\/mount.engineering\/es\/wp-json\/wp\/v2\/media\/1250"}],"wp:attachment":[{"href":"https:\/\/mount.engineering\/es\/wp-json\/wp\/v2\/media?parent=1945"}],"curies":[{"name":"wp","href":"https:\/\/api.w.org\/{rel}","templated":true}]}}