{"id":1967,"date":"2021-03-24T10:26:03","date_gmt":"2021-03-24T13:26:03","guid":{"rendered":"https:\/\/mount.engineering\/productos-y-representaciones\/sas-medio-ambiente\/"},"modified":"2021-03-24T10:30:56","modified_gmt":"2021-03-24T13:30:56","slug":"sas-medio-ambiente","status":"publish","type":"page","link":"https:\/\/mount.engineering\/es\/productos-y-representaciones\/sas-medio-ambiente\/","title":{"rendered":"SAS Medio Ambiente"},"content":{"rendered":"\t\t<div data-elementor-type=\"wp-page\" data-elementor-id=\"1967\" class=\"elementor elementor-1967 elementor-815\" data-elementor-post-type=\"page\">\n\t\t\t\t\t\t<section class=\"elementor-section elementor-top-section elementor-element elementor-element-202def5 elementor-section-height-min-height elementor-section-items-stretch elementor-section-boxed elementor-section-height-default\" data-id=\"202def5\" data-element_type=\"section\" data-e-type=\"section\" data-settings=\"{&quot;background_background&quot;:&quot;classic&quot;}\">\n\t\t\t\t\t\t\t<div class=\"elementor-background-overlay\"><\/div>\n\t\t\t\t\t\t\t<div class=\"elementor-container elementor-column-gap-default\">\n\t\t\t\t\t<div class=\"elementor-column elementor-col-100 elementor-top-column elementor-element elementor-element-4dbc278\" data-id=\"4dbc278\" data-element_type=\"column\" data-e-type=\"column\">\n\t\t\t<div class=\"elementor-widget-wrap elementor-element-populated\">\n\t\t\t\t\t\t<div class=\"elementor-element elementor-element-2417269 elementor-tablet-align-center elementor-align-center elementor-widget elementor-widget-raven-heading\" data-id=\"2417269\" data-element_type=\"widget\" data-e-type=\"widget\" data-widget_type=\"raven-heading.default\">\n\t\t\t\t<div class=\"elementor-widget-container\">\n\t\t\t\t\t\t\t<div class=\"raven-widget-wrapper\"><h1 class=\"raven-heading raven-heading-h1\"><span class=\"raven-heading-title \">SAS Medio Ambiente<\/span><\/h1><\/div>\n\t\t\t\t\t\t<\/div>\n\t\t\t\t<\/div>\n\t\t\t\t\t<\/div>\n\t\t<\/div>\n\t\t\t\t\t<\/div>\n\t\t<\/section>\n\t\t\t\t<section class=\"elementor-section elementor-top-section elementor-element elementor-element-27ec954d elementor-section-boxed elementor-section-height-default elementor-section-height-default\" data-id=\"27ec954d\" data-element_type=\"section\" data-e-type=\"section\">\n\t\t\t\t\t\t<div class=\"elementor-container elementor-column-gap-default\">\n\t\t\t\t\t<div class=\"elementor-column elementor-col-50 elementor-top-column elementor-element elementor-element-7a929782\" data-id=\"7a929782\" data-element_type=\"column\" data-e-type=\"column\">\n\t\t\t<div class=\"elementor-widget-wrap elementor-element-populated\">\n\t\t\t\t\t\t<div class=\"elementor-element elementor-element-8ade842 elementor-tablet-align-center elementor-align-left elementor-widget elementor-widget-raven-heading\" data-id=\"8ade842\" data-element_type=\"widget\" data-e-type=\"widget\" data-widget_type=\"raven-heading.default\">\n\t\t\t\t<div class=\"elementor-widget-container\">\n\t\t\t\t\t\t\t<div class=\"raven-widget-wrapper\"><h4 class=\"raven-heading raven-heading-h4\"><span class=\"raven-heading-title \">Productos y Representaciones<\/span><\/h4><\/div>\n\t\t\t\t\t\t<\/div>\n\t\t\t\t<\/div>\n\t\t\t\t<div class=\"elementor-element elementor-element-5d0432c3 elementor-tablet-align-center elementor-align-left elementor-widget elementor-widget-raven-heading\" data-id=\"5d0432c3\" data-element_type=\"widget\" data-e-type=\"widget\" data-widget_type=\"raven-heading.default\">\n\t\t\t\t<div class=\"elementor-widget-container\">\n\t\t\t\t\t\t\t<div class=\"raven-widget-wrapper\"><h2 class=\"raven-heading raven-heading-h2\"><span class=\"raven-heading-title \">SAS Medio Ambiente<\/span><\/h2><\/div>\n\t\t\t\t\t\t<\/div>\n\t\t\t\t<\/div>\n\t\t\t\t<div class=\"elementor-element elementor-element-38d38c4 elementor-widget elementor-widget-text-editor\" data-id=\"38d38c4\" data-element_type=\"widget\" data-e-type=\"widget\" data-widget_type=\"text-editor.default\">\n\t\t\t\t<div class=\"elementor-widget-container\">\n\t\t\t\t\t\t\t\t\t<p>SAS Environmental Services ha desarrollado una combinaci\u00f3n \u00fanica de qu\u00edmica e ingenier\u00eda que es el Sistema Eco MIST.\u00a0 El Sistema Eco MIST es el resultado de a\u00f1os de experiencia de SAS en el uso de la qu\u00edmica para tratar los desechos de petr\u00f3leo (tales como lodos de petr\u00f3leo, taludes de petr\u00f3leo, lodo de perforaci\u00f3n de residuos, residuos de refiner\u00eda y otros tipos de residuos de petr\u00f3leo). El sistema MIST Eco proporciona movilidad y flexibilidad para tratar una gama de tipos de residuos de aceite.<\/p>\n\t\t\t\t\t\t\t\t<\/div>\n\t\t\t\t<\/div>\n\t\t\t\t<div class=\"elementor-element elementor-element-337dadb7 elementor-align-left elementor-tablet-align-center elementor-widget elementor-widget-raven-button\" data-id=\"337dadb7\" data-element_type=\"widget\" data-e-type=\"widget\" data-settings=\"{&quot;turn_to_popup_action_button&quot;:&quot;no&quot;}\" data-widget_type=\"raven-button.default\">\n\t\t\t\t<div class=\"elementor-widget-container\">\n\t\t\t\t\t\t\t<div class=\"raven-widget-wrapper\">\n\t\t\t<a class=\"raven-button raven-button-widget-normal-effect-none  raven-button-text-align-center raven-button-link elementor-animation-none\" href=\"https:\/\/www.sasenvironment.com\/\" target=\"_blank\">\t\t\t\t<div class=\"raven-button-overlay\" ><\/div>\n\t\t\t\t<span class=\"raven-button-content\">\n\t\t\t\t\t\n\t\t\t\t\t<div class=\"button-text-container\">\n\t\t\t\t\t\t\t\t\t\t\t\t<div class=\"raven-button-texts-wrapper\">\n\t\t\t\t\t\t\t<div class=\"button-text\">\n\t\t\t\t\t\t\t\t<span class=\"raven-button-text\">\n\t\t\t\t\t\t\t\t\tsaber m\u00e1s\t\t\t\t\t\t\t\t<\/span>\n\t\t\t\t\t\t\t<\/div>\n\t\t\t\t\t\t\t\t\t\t\t\t\t<\/div>\n\t\t\t\t\t\t\t\t\t\t\t<\/div>\n\t\t\t\t\t\n\t\t\t\t\t\t\t\t\t<\/span>\n\t\t\t<\/a>\t\t<\/div>\n\t\t\t\t\t\t<\/div>\n\t\t\t\t<\/div>\n\t\t\t\t\t<\/div>\n\t\t<\/div>\n\t\t\t\t<div class=\"elementor-column elementor-col-50 elementor-top-column elementor-element elementor-element-dfbfcea\" data-id=\"dfbfcea\" data-element_type=\"column\" data-e-type=\"column\">\n\t\t\t<div class=\"elementor-widget-wrap elementor-element-populated\">\n\t\t\t\t\t\t<div class=\"elementor-element elementor-element-4620b71b elementor-widget elementor-widget-raven-image\" data-id=\"4620b71b\" data-element_type=\"widget\" data-e-type=\"widget\" data-widget_type=\"raven-image.default\">\n\t\t\t\t<div class=\"elementor-widget-container\">\n\t\t\t\t\t\t\t<div class=\"raven-image\">\n\t\t\n\t\t\n\t\t<img fetchpriority=\"high\" decoding=\"async\" width=\"563\" height=\"450\" src=\"https:\/\/mount.engineering\/wp-content\/uploads\/2021\/02\/sas-ambiental-produto.jpg\" class=\"attachment-full size-full wp-image-1189\" alt=\"\" srcset=\"https:\/\/mount.engineering\/wp-content\/uploads\/2021\/02\/sas-ambiental-produto.jpg 563w, https:\/\/mount.engineering\/wp-content\/uploads\/2021\/02\/sas-ambiental-produto-300x240.jpg 300w\" sizes=\"(max-width: 563px) 100vw, 563px\" \/>\t\t<\/div>\n\t\t\t\t\t\t<\/div>\n\t\t\t\t<\/div>\n\t\t\t\t\t<\/div>\n\t\t<\/div>\n\t\t\t\t\t<\/div>\n\t\t<\/section>\n\t\t\t\t<section class=\"elementor-section elementor-top-section elementor-element elementor-element-f3eb314 elementor-section-boxed elementor-section-height-default elementor-section-height-default\" data-id=\"f3eb314\" data-element_type=\"section\" data-e-type=\"section\">\n\t\t\t\t\t\t<div class=\"elementor-container elementor-column-gap-default\">\n\t\t\t\t\t<div class=\"elementor-column elementor-col-100 elementor-top-column elementor-element elementor-element-0f48326\" data-id=\"0f48326\" data-element_type=\"column\" data-e-type=\"column\">\n\t\t\t<div class=\"elementor-widget-wrap elementor-element-populated\">\n\t\t\t\t\t\t<div class=\"elementor-element elementor-element-fbd67ba elementor-widget elementor-widget-text-editor\" data-id=\"fbd67ba\" data-element_type=\"widget\" data-e-type=\"widget\" data-widget_type=\"text-editor.default\">\n\t\t\t\t<div class=\"elementor-widget-container\">\n\t\t\t\t\t\t\t\t\t<link rel=\"stylesheet\" href=\"https:\/\/embed.calculoid.com\/styles\/main.css\" \/><script src=\"https:\/\/embed.calculoid.com\/scripts\/combined.min.js\"><\/script>\n<div ng-app=\"calculoid\" ng-controller=\"CalculoidMainCtrl\" ng-init=\"init({calcId:17781,apiKey:'57d70e5fba6d5'})\" ng-include=\"load()\"><\/div>\n\t\t\t\t\t\t\t\t<\/div>\n\t\t\t\t<\/div>\n\t\t\t\t\t<\/div>\n\t\t<\/div>\n\t\t\t\t\t<\/div>\n\t\t<\/section>\n\t\t\t\t<\/div>\n\t\t","protected":false},"excerpt":{"rendered":"<p>SAS Medio Ambiente Productos y Representaciones SAS Medio Ambiente SAS Environmental Services ha desarrollado una combinaci\u00f3n \u00fanica de qu\u00edmica e ingenier\u00eda que es el Sistema Eco MIST.&nbsp; El Sistema Eco MIST es el resultado de a\u00f1os de experiencia de SAS en el uso de la qu\u00edmica para tratar los desechos de petr\u00f3leo (tales como lodos [&hellip;]<\/p>\n","protected":false},"author":1,"featured_media":1575,"parent":1957,"menu_order":0,"comment_status":"closed","ping_status":"closed","template":"elementor_header_footer","meta":{"_acf_changed":false,"footnotes":""},"class_list":["post-1967","page","type-page","status-publish","has-post-thumbnail","hentry"],"acf":[],"_links":{"self":[{"href":"https:\/\/mount.engineering\/es\/wp-json\/wp\/v2\/pages\/1967","targetHints":{"allow":["GET"]}}],"collection":[{"href":"https:\/\/mount.engineering\/es\/wp-json\/wp\/v2\/pages"}],"about":[{"href":"https:\/\/mount.engineering\/es\/wp-json\/wp\/v2\/types\/page"}],"author":[{"embeddable":true,"href":"https:\/\/mount.engineering\/es\/wp-json\/wp\/v2\/users\/1"}],"replies":[{"embeddable":true,"href":"https:\/\/mount.engineering\/es\/wp-json\/wp\/v2\/comments?post=1967"}],"version-history":[{"count":2,"href":"https:\/\/mount.engineering\/es\/wp-json\/wp\/v2\/pages\/1967\/revisions"}],"predecessor-version":[{"id":1969,"href":"https:\/\/mount.engineering\/es\/wp-json\/wp\/v2\/pages\/1967\/revisions\/1969"}],"up":[{"embeddable":true,"href":"https:\/\/mount.engineering\/es\/wp-json\/wp\/v2\/pages\/1957"}],"wp:featuredmedia":[{"embeddable":true,"href":"https:\/\/mount.engineering\/es\/wp-json\/wp\/v2\/media\/1575"}],"wp:attachment":[{"href":"https:\/\/mount.engineering\/es\/wp-json\/wp\/v2\/media?parent=1967"}],"curies":[{"name":"wp","href":"https:\/\/api.w.org\/{rel}","templated":true}]}}