{"id":1970,"date":"2021-03-24T10:37:19","date_gmt":"2021-03-24T13:37:19","guid":{"rendered":"https:\/\/mount.engineering\/productos-y-representaciones\/turbinas-dutch-ventus\/"},"modified":"2021-03-24T10:40:27","modified_gmt":"2021-03-24T13:40:27","slug":"turbinas-dutch-ventus","status":"publish","type":"page","link":"https:\/\/mount.engineering\/es\/productos-y-representaciones\/turbinas-dutch-ventus\/","title":{"rendered":"Turbinas Dutch Ventus"},"content":{"rendered":"\t\t<div data-elementor-type=\"wp-page\" data-elementor-id=\"1970\" class=\"elementor elementor-1970 elementor-820\" data-elementor-post-type=\"page\">\n\t\t\t\t\t\t<section class=\"elementor-section elementor-top-section elementor-element elementor-element-202def5 elementor-section-height-min-height elementor-section-items-stretch elementor-section-boxed elementor-section-height-default\" data-id=\"202def5\" data-element_type=\"section\" data-e-type=\"section\" data-settings=\"{&quot;background_background&quot;:&quot;classic&quot;}\">\n\t\t\t\t\t\t\t<div class=\"elementor-background-overlay\"><\/div>\n\t\t\t\t\t\t\t<div class=\"elementor-container elementor-column-gap-default\">\n\t\t\t\t\t<div class=\"elementor-column elementor-col-100 elementor-top-column elementor-element elementor-element-4dbc278\" data-id=\"4dbc278\" data-element_type=\"column\" data-e-type=\"column\">\n\t\t\t<div class=\"elementor-widget-wrap elementor-element-populated\">\n\t\t\t\t\t\t<div class=\"elementor-element elementor-element-2417269 elementor-tablet-align-center elementor-align-center elementor-widget elementor-widget-raven-heading\" data-id=\"2417269\" data-element_type=\"widget\" data-e-type=\"widget\" data-widget_type=\"raven-heading.default\">\n\t\t\t\t<div class=\"elementor-widget-container\">\n\t\t\t\t\t\t\t<div class=\"raven-widget-wrapper\"><h1 class=\"raven-heading raven-heading-h1\"><span class=\"raven-heading-title \">Turbinas Dutch Ventus<\/span><\/h1><\/div>\n\t\t\t\t\t\t<\/div>\n\t\t\t\t<\/div>\n\t\t\t\t\t<\/div>\n\t\t<\/div>\n\t\t\t\t\t<\/div>\n\t\t<\/section>\n\t\t\t\t<section class=\"elementor-section elementor-top-section elementor-element elementor-element-27ec954d elementor-section-boxed elementor-section-height-default elementor-section-height-default\" data-id=\"27ec954d\" data-element_type=\"section\" data-e-type=\"section\">\n\t\t\t\t\t\t<div class=\"elementor-container elementor-column-gap-default\">\n\t\t\t\t\t<div class=\"elementor-column elementor-col-50 elementor-top-column elementor-element elementor-element-7a929782\" data-id=\"7a929782\" data-element_type=\"column\" data-e-type=\"column\">\n\t\t\t<div class=\"elementor-widget-wrap elementor-element-populated\">\n\t\t\t\t\t\t<div class=\"elementor-element elementor-element-8ade842 elementor-tablet-align-center elementor-align-left elementor-widget elementor-widget-raven-heading\" data-id=\"8ade842\" data-element_type=\"widget\" data-e-type=\"widget\" data-widget_type=\"raven-heading.default\">\n\t\t\t\t<div class=\"elementor-widget-container\">\n\t\t\t\t\t\t\t<div class=\"raven-widget-wrapper\"><h4 class=\"raven-heading raven-heading-h4\"><span class=\"raven-heading-title \">Productos y Representaciones<\/span><\/h4><\/div>\n\t\t\t\t\t\t<\/div>\n\t\t\t\t<\/div>\n\t\t\t\t<div class=\"elementor-element elementor-element-5d0432c3 elementor-tablet-align-center elementor-align-left elementor-widget elementor-widget-raven-heading\" data-id=\"5d0432c3\" data-element_type=\"widget\" data-e-type=\"widget\" data-widget_type=\"raven-heading.default\">\n\t\t\t\t<div class=\"elementor-widget-container\">\n\t\t\t\t\t\t\t<div class=\"raven-widget-wrapper\"><h2 class=\"raven-heading raven-heading-h2\"><span class=\"raven-heading-title \">Turbinas Dutch Ventus<\/span><\/h2><\/div>\n\t\t\t\t\t\t<\/div>\n\t\t\t\t<\/div>\n\t\t\t\t<div class=\"elementor-element elementor-element-38d38c4 elementor-widget elementor-widget-text-editor\" data-id=\"38d38c4\" data-element_type=\"widget\" data-e-type=\"widget\" data-widget_type=\"text-editor.default\">\n\t\t\t\t<div class=\"elementor-widget-container\">\n\t\t\t\t\t\t\t\t\t<p>Dutch Ventus es un aerogenerador con un di\u00e1metro de 3 metros. En comparaci\u00f3n con otros peque\u00f1os aerogeneradores, Dutch Ventus es el m\u00e1s eficiente y por lo tanto goza de una relaci\u00f3n precio-rendimiento muy favorable. Y sin embargo, es f\u00e1cil de instalar.<\/p>\n<p>Se puede colocar cerca de los usuarios finales \u2013 tambi\u00e9n en entornos que experimentan altos niveles de turbulencia e\u00f3lica \u2013 a tasas competitivas y con menos efectos adversos en el medio ambiente que los aerogeneradores tradicionales de hoja abierta. El aerogenerador tambi\u00e9n es complementario a los paneles solares y, cuando se utiliza en combinaci\u00f3n, puede lograr rendimientos adicionales utilizando per\u00edodos alternos de viento y sol.<\/p>\n\t\t\t\t\t\t\t\t<\/div>\n\t\t\t\t<\/div>\n\t\t\t\t<div class=\"elementor-element elementor-element-337dadb7 elementor-align-left elementor-tablet-align-center elementor-widget elementor-widget-raven-button\" data-id=\"337dadb7\" data-element_type=\"widget\" data-e-type=\"widget\" data-settings=\"{&quot;turn_to_popup_action_button&quot;:&quot;no&quot;}\" data-widget_type=\"raven-button.default\">\n\t\t\t\t<div class=\"elementor-widget-container\">\n\t\t\t\t\t\t\t<div class=\"raven-widget-wrapper\">\n\t\t\t<a class=\"raven-button raven-button-widget-normal-effect-none  raven-button-text-align-center raven-button-link elementor-animation-none\" href=\"https:\/\/dutchventus.com\/en\/\" target=\"_blank\">\t\t\t\t<div class=\"raven-button-overlay\" ><\/div>\n\t\t\t\t<span class=\"raven-button-content\">\n\t\t\t\t\t\n\t\t\t\t\t<div class=\"button-text-container\">\n\t\t\t\t\t\t\t\t\t\t\t\t<div class=\"raven-button-texts-wrapper\">\n\t\t\t\t\t\t\t<div class=\"button-text\">\n\t\t\t\t\t\t\t\t<span class=\"raven-button-text\">\n\t\t\t\t\t\t\t\t\tsaber m\u00e1s\t\t\t\t\t\t\t\t<\/span>\n\t\t\t\t\t\t\t<\/div>\n\t\t\t\t\t\t\t\t\t\t\t\t\t<\/div>\n\t\t\t\t\t\t\t\t\t\t\t<\/div>\n\t\t\t\t\t\n\t\t\t\t\t\t\t\t\t<\/span>\n\t\t\t<\/a>\t\t<\/div>\n\t\t\t\t\t\t<\/div>\n\t\t\t\t<\/div>\n\t\t\t\t\t<\/div>\n\t\t<\/div>\n\t\t\t\t<div class=\"elementor-column elementor-col-50 elementor-top-column elementor-element elementor-element-dfbfcea\" data-id=\"dfbfcea\" data-element_type=\"column\" data-e-type=\"column\">\n\t\t\t<div class=\"elementor-widget-wrap elementor-element-populated\">\n\t\t\t\t\t\t<div class=\"elementor-element elementor-element-4620b71b elementor-widget elementor-widget-raven-image\" data-id=\"4620b71b\" data-element_type=\"widget\" data-e-type=\"widget\" data-widget_type=\"raven-image.default\">\n\t\t\t\t<div class=\"elementor-widget-container\">\n\t\t\t\t\t\t\t<div class=\"raven-image\">\n\t\t\n\t\t\n\t\t<img fetchpriority=\"high\" decoding=\"async\" width=\"800\" height=\"450\" src=\"https:\/\/mount.engineering\/wp-content\/uploads\/2021\/02\/DutchVentus-produto.jpg\" class=\"attachment-full size-full wp-image-1195\" alt=\"\" srcset=\"https:\/\/mount.engineering\/wp-content\/uploads\/2021\/02\/DutchVentus-produto.jpg 800w, https:\/\/mount.engineering\/wp-content\/uploads\/2021\/02\/DutchVentus-produto-300x169.jpg 300w, https:\/\/mount.engineering\/wp-content\/uploads\/2021\/02\/DutchVentus-produto-768x432.jpg 768w\" sizes=\"(max-width: 800px) 100vw, 800px\" \/>\t\t<\/div>\n\t\t\t\t\t\t<\/div>\n\t\t\t\t<\/div>\n\t\t\t\t\t<\/div>\n\t\t<\/div>\n\t\t\t\t\t<\/div>\n\t\t<\/section>\n\t\t\t\t<\/div>\n\t\t","protected":false},"excerpt":{"rendered":"<p>Turbinas Dutch Ventus Productos y Representaciones Turbinas Dutch Ventus Dutch Ventus es un aerogenerador con un di\u00e1metro de 3 metros. En comparaci\u00f3n con otros peque\u00f1os aerogeneradores, Dutch Ventus es el m\u00e1s eficiente y por lo tanto goza de una relaci\u00f3n precio-rendimiento muy favorable. Y sin embargo, es f\u00e1cil de instalar. Se puede colocar cerca de [&hellip;]<\/p>\n","protected":false},"author":1,"featured_media":1554,"parent":1957,"menu_order":0,"comment_status":"closed","ping_status":"closed","template":"elementor_header_footer","meta":{"_acf_changed":false,"footnotes":""},"class_list":["post-1970","page","type-page","status-publish","has-post-thumbnail","hentry"],"acf":[],"_links":{"self":[{"href":"https:\/\/mount.engineering\/es\/wp-json\/wp\/v2\/pages\/1970","targetHints":{"allow":["GET"]}}],"collection":[{"href":"https:\/\/mount.engineering\/es\/wp-json\/wp\/v2\/pages"}],"about":[{"href":"https:\/\/mount.engineering\/es\/wp-json\/wp\/v2\/types\/page"}],"author":[{"embeddable":true,"href":"https:\/\/mount.engineering\/es\/wp-json\/wp\/v2\/users\/1"}],"replies":[{"embeddable":true,"href":"https:\/\/mount.engineering\/es\/wp-json\/wp\/v2\/comments?post=1970"}],"version-history":[{"count":2,"href":"https:\/\/mount.engineering\/es\/wp-json\/wp\/v2\/pages\/1970\/revisions"}],"predecessor-version":[{"id":1972,"href":"https:\/\/mount.engineering\/es\/wp-json\/wp\/v2\/pages\/1970\/revisions\/1972"}],"up":[{"embeddable":true,"href":"https:\/\/mount.engineering\/es\/wp-json\/wp\/v2\/pages\/1957"}],"wp:featuredmedia":[{"embeddable":true,"href":"https:\/\/mount.engineering\/es\/wp-json\/wp\/v2\/media\/1554"}],"wp:attachment":[{"href":"https:\/\/mount.engineering\/es\/wp-json\/wp\/v2\/media?parent=1970"}],"curies":[{"name":"wp","href":"https:\/\/api.w.org\/{rel}","templated":true}]}}