{"id":1976,"date":"2021-03-24T10:47:51","date_gmt":"2021-03-24T13:47:51","guid":{"rendered":"https:\/\/mount.engineering\/energia-limpia\/"},"modified":"2021-03-24T10:49:20","modified_gmt":"2021-03-24T13:49:20","slug":"energia-limpia","status":"publish","type":"page","link":"https:\/\/mount.engineering\/es\/energia-limpia\/","title":{"rendered":"Energ\u00eda Limpia"},"content":{"rendered":"\t\t<div data-elementor-type=\"wp-page\" data-elementor-id=\"1976\" class=\"elementor elementor-1976 elementor-747\" data-elementor-post-type=\"page\">\n\t\t\t\t\t\t<section class=\"elementor-section elementor-top-section elementor-element elementor-element-202def5 elementor-section-height-min-height elementor-section-items-stretch elementor-section-boxed elementor-section-height-default\" data-id=\"202def5\" data-element_type=\"section\" data-e-type=\"section\" data-settings=\"{&quot;background_background&quot;:&quot;classic&quot;}\">\n\t\t\t\t\t\t\t<div class=\"elementor-background-overlay\"><\/div>\n\t\t\t\t\t\t\t<div class=\"elementor-container elementor-column-gap-default\">\n\t\t\t\t\t<div class=\"elementor-column elementor-col-100 elementor-top-column elementor-element elementor-element-4dbc278\" data-id=\"4dbc278\" data-element_type=\"column\" data-e-type=\"column\">\n\t\t\t<div class=\"elementor-widget-wrap elementor-element-populated\">\n\t\t\t\t\t\t<div class=\"elementor-element elementor-element-2417269 elementor-tablet-align-center elementor-align-center elementor-widget elementor-widget-raven-heading\" data-id=\"2417269\" data-element_type=\"widget\" data-e-type=\"widget\" data-widget_type=\"raven-heading.default\">\n\t\t\t\t<div class=\"elementor-widget-container\">\n\t\t\t\t\t\t\t<div class=\"raven-widget-wrapper\"><h1 class=\"raven-heading raven-heading-h1\"><span class=\"raven-heading-title \">Energ\u00eda Limpia<\/span><\/h1><\/div>\n\t\t\t\t\t\t<\/div>\n\t\t\t\t<\/div>\n\t\t\t\t\t<\/div>\n\t\t<\/div>\n\t\t\t\t\t<\/div>\n\t\t<\/section>\n\t\t\t\t<section class=\"elementor-section elementor-top-section elementor-element elementor-element-2c08455b elementor-section-boxed elementor-section-height-default elementor-section-height-default\" data-id=\"2c08455b\" data-element_type=\"section\" data-e-type=\"section\" data-settings=\"{&quot;background_background&quot;:&quot;classic&quot;}\">\n\t\t\t\t\t\t<div class=\"elementor-container elementor-column-gap-default\">\n\t\t\t\t\t<div class=\"elementor-column elementor-col-50 elementor-top-column elementor-element elementor-element-42f6a16c\" data-id=\"42f6a16c\" data-element_type=\"column\" data-e-type=\"column\">\n\t\t\t<div class=\"elementor-widget-wrap elementor-element-populated\">\n\t\t\t\t\t\t<div class=\"elementor-element elementor-element-217e2633 elementor-tablet-align-center elementor-align-left elementor-widget elementor-widget-raven-heading\" data-id=\"217e2633\" data-element_type=\"widget\" data-e-type=\"widget\" data-widget_type=\"raven-heading.default\">\n\t\t\t\t<div class=\"elementor-widget-container\">\n\t\t\t\t\t\t\t<div class=\"raven-widget-wrapper\"><h2 class=\"raven-heading raven-heading-h2\"><span class=\"raven-heading-title \">\u00a1El futuro es ahora!<\/span><\/h2><\/div>\n\t\t\t\t\t\t<\/div>\n\t\t\t\t<\/div>\n\t\t\t\t<div class=\"elementor-element elementor-element-7f903539 elementor-widget elementor-widget-text-editor\" data-id=\"7f903539\" data-element_type=\"widget\" data-e-type=\"widget\" data-widget_type=\"text-editor.default\">\n\t\t\t\t<div class=\"elementor-widget-container\">\n\t\t\t\t\t\t\t\t\t<p>Mount ofrece soluciones innovadoras y ambientalmente sostenibles para la generaci\u00f3n y almacenamiento de energ\u00eda, utilizando recursos disponibles naturalmente. La transici\u00f3n de la dependencia de hidrocarburos a una matriz energ\u00e9tica carbono neutral presenta oportunidades y desaf\u00edos que nos excitan. Buscamos constantemente socios t\u00e9cnicos y comerciales para ayudar a impulsar nuestro nuevo negocio de Energ\u00eda Limpia.<\/p>\n<p>La empresa holandesa Ventus B.V., es uno de los principales desarrolladores del sector de la energ\u00eda e\u00f3lica a peque\u00f1a escala y es nuestro socio comercial. Para obtener m\u00e1s informaci\u00f3n, haga clic <strong><a href=\"\/es\/productos-y-representaciones\/turbinas-dutch-ventus\">aqu\u00ed<\/a><\/strong>.<\/p>\n\t\t\t\t\t\t\t\t<\/div>\n\t\t\t\t<\/div>\n\t\t\t\t\t<\/div>\n\t\t<\/div>\n\t\t\t\t<div class=\"elementor-column elementor-col-50 elementor-top-column elementor-element elementor-element-5ff25124\" data-id=\"5ff25124\" data-element_type=\"column\" data-e-type=\"column\">\n\t\t\t<div class=\"elementor-widget-wrap elementor-element-populated\">\n\t\t\t\t\t\t<div class=\"elementor-element elementor-element-69eef4df elementor-widget elementor-widget-raven-image\" data-id=\"69eef4df\" data-element_type=\"widget\" data-e-type=\"widget\" data-widget_type=\"raven-image.default\">\n\t\t\t\t<div class=\"elementor-widget-container\">\n\t\t\t\t\t\t\t<div class=\"raven-image\">\n\t\t\n\t\t\n\t\t<img fetchpriority=\"high\" decoding=\"async\" width=\"1000\" height=\"666\" src=\"https:\/\/mount.engineering\/wp-content\/uploads\/2021\/02\/energia-limpa.png\" class=\"attachment-full size-full wp-image-1287\" alt=\"\" srcset=\"https:\/\/mount.engineering\/wp-content\/uploads\/2021\/02\/energia-limpa.png 1000w, https:\/\/mount.engineering\/wp-content\/uploads\/2021\/02\/energia-limpa-300x200.png 300w, https:\/\/mount.engineering\/wp-content\/uploads\/2021\/02\/energia-limpa-768x511.png 768w\" sizes=\"(max-width: 1000px) 100vw, 1000px\" \/>\t\t<\/div>\n\t\t\t\t\t\t<\/div>\n\t\t\t\t<\/div>\n\t\t\t\t\t<\/div>\n\t\t<\/div>\n\t\t\t\t\t<\/div>\n\t\t<\/section>\n\t\t\t\t<\/div>\n\t\t","protected":false},"excerpt":{"rendered":"<p>Energ\u00eda Limpia \u00a1El futuro es ahora! Mount ofrece soluciones innovadoras y ambientalmente sostenibles para la generaci\u00f3n y almacenamiento de energ\u00eda, utilizando recursos disponibles naturalmente. La transici\u00f3n de la dependencia de hidrocarburos a una matriz energ\u00e9tica carbono neutral presenta oportunidades y desaf\u00edos que nos excitan. Buscamos constantemente socios t\u00e9cnicos y comerciales para ayudar a impulsar nuestro [&hellip;]<\/p>\n","protected":false},"author":1,"featured_media":1393,"parent":0,"menu_order":0,"comment_status":"closed","ping_status":"closed","template":"elementor_header_footer","meta":{"_acf_changed":false,"footnotes":""},"class_list":["post-1976","page","type-page","status-publish","has-post-thumbnail","hentry"],"acf":[],"_links":{"self":[{"href":"https:\/\/mount.engineering\/es\/wp-json\/wp\/v2\/pages\/1976","targetHints":{"allow":["GET"]}}],"collection":[{"href":"https:\/\/mount.engineering\/es\/wp-json\/wp\/v2\/pages"}],"about":[{"href":"https:\/\/mount.engineering\/es\/wp-json\/wp\/v2\/types\/page"}],"author":[{"embeddable":true,"href":"https:\/\/mount.engineering\/es\/wp-json\/wp\/v2\/users\/1"}],"replies":[{"embeddable":true,"href":"https:\/\/mount.engineering\/es\/wp-json\/wp\/v2\/comments?post=1976"}],"version-history":[{"count":2,"href":"https:\/\/mount.engineering\/es\/wp-json\/wp\/v2\/pages\/1976\/revisions"}],"predecessor-version":[{"id":1978,"href":"https:\/\/mount.engineering\/es\/wp-json\/wp\/v2\/pages\/1976\/revisions\/1978"}],"wp:featuredmedia":[{"embeddable":true,"href":"https:\/\/mount.engineering\/es\/wp-json\/wp\/v2\/media\/1393"}],"wp:attachment":[{"href":"https:\/\/mount.engineering\/es\/wp-json\/wp\/v2\/media?parent=1976"}],"curies":[{"name":"wp","href":"https:\/\/api.w.org\/{rel}","templated":true}]}}