{"id":1982,"date":"2021-03-24T10:55:37","date_gmt":"2021-03-24T13:55:37","guid":{"rendered":"https:\/\/mount.engineering\/carreras\/"},"modified":"2025-04-09T18:57:10","modified_gmt":"2025-04-09T21:57:10","slug":"carreras","status":"publish","type":"page","link":"https:\/\/mount.engineering\/es\/carreras\/","title":{"rendered":"Carreras"},"content":{"rendered":"\t\t<div data-elementor-type=\"wp-page\" data-elementor-id=\"1982\" class=\"elementor elementor-1982 elementor-853\" data-elementor-post-type=\"page\">\n\t\t\t\t\t\t<section class=\"elementor-section elementor-top-section elementor-element elementor-element-202def5 elementor-section-height-min-height elementor-section-items-stretch elementor-section-boxed elementor-section-height-default\" data-id=\"202def5\" data-element_type=\"section\" data-e-type=\"section\" data-settings=\"{&quot;background_background&quot;:&quot;classic&quot;}\">\n\t\t\t\t\t\t\t<div class=\"elementor-background-overlay\"><\/div>\n\t\t\t\t\t\t\t<div class=\"elementor-container elementor-column-gap-default\">\n\t\t\t\t\t<div class=\"elementor-column elementor-col-100 elementor-top-column elementor-element elementor-element-4dbc278\" data-id=\"4dbc278\" data-element_type=\"column\" data-e-type=\"column\">\n\t\t\t<div class=\"elementor-widget-wrap elementor-element-populated\">\n\t\t\t\t\t\t<div class=\"elementor-element elementor-element-2417269 elementor-tablet-align-center elementor-align-center elementor-widget elementor-widget-raven-heading\" data-id=\"2417269\" data-element_type=\"widget\" data-e-type=\"widget\" data-widget_type=\"raven-heading.default\">\n\t\t\t\t<div class=\"elementor-widget-container\">\n\t\t\t\t\t\t\t<div class=\"raven-widget-wrapper\"><h1 class=\"raven-heading raven-heading-h1\"><span class=\"raven-heading-title \">Carreras<\/span><\/h1><\/div>\n\t\t\t\t\t\t<\/div>\n\t\t\t\t<\/div>\n\t\t\t\t\t<\/div>\n\t\t<\/div>\n\t\t\t\t\t<\/div>\n\t\t<\/section>\n\t\t\t\t<section class=\"elementor-section elementor-top-section elementor-element elementor-element-b60813e elementor-section-boxed elementor-section-height-default elementor-section-height-default\" data-id=\"b60813e\" data-element_type=\"section\" data-e-type=\"section\">\n\t\t\t\t\t\t<div class=\"elementor-container elementor-column-gap-default\">\n\t\t\t\t\t<div class=\"elementor-column elementor-col-50 elementor-top-column elementor-element elementor-element-284a0c5\" data-id=\"284a0c5\" data-element_type=\"column\" data-e-type=\"column\">\n\t\t\t<div class=\"elementor-widget-wrap elementor-element-populated\">\n\t\t\t\t\t\t<div class=\"elementor-element elementor-element-3dd8b6a elementor-tablet-align-center elementor-align-left elementor-widget elementor-widget-raven-heading\" data-id=\"3dd8b6a\" data-element_type=\"widget\" data-e-type=\"widget\" data-widget_type=\"raven-heading.default\">\n\t\t\t\t<div class=\"elementor-widget-container\">\n\t\t\t\t\t\t\t<div class=\"raven-widget-wrapper\"><h2 class=\"raven-heading raven-heading-h2\"><span class=\"raven-heading-title \">\u00a1Ven a trabajar con nosotros!<\/span><\/h2><\/div>\n\t\t\t\t\t\t<\/div>\n\t\t\t\t<\/div>\n\t\t\t\t<div class=\"elementor-element elementor-element-6049ebf elementor-widget elementor-widget-text-editor\" data-id=\"6049ebf\" data-element_type=\"widget\" data-e-type=\"widget\" data-widget_type=\"text-editor.default\">\n\t\t\t\t<div class=\"elementor-widget-container\">\n\t\t\t\t\t\t\t\t\t<p>Mount est\u00e1 impulsado por desaf\u00edos: si t\u00fa tambi\u00e9n lo est\u00e1s, \u00a1est\u00e1s en el lugar correcto!<\/p>\n<p>Haga clic en \u00abCARREIRAS MOUNT\u00bb a continuaci\u00f3n para cargar su CV y ver nuestras posiciones abiertas.<\/p>\t\t\t\t\t\t\t\t<\/div>\n\t\t\t\t<\/div>\n\t\t\t\t<div class=\"elementor-element elementor-element-4417f99 elementor-widget elementor-widget-text-editor\" data-id=\"4417f99\" data-element_type=\"widget\" data-e-type=\"widget\" data-widget_type=\"text-editor.default\">\n\t\t\t\t<div class=\"elementor-widget-container\">\n\t\t\t\t\t\t\t\t\t\t\t\t\t<!-- Recooty Widget START-->\n\t\t\t\t<iframe id=\"iframe-container-1\" width=\"100%\" frameborder=\"0\" scrolling=\"no\" src=\"https:\/\/widget.recooty.com\/openings.php?key=8d96d226037e714e0f7d6ee6ee0abf2b\"><\/iframe>\n\t\t\t\t<script>\t\n\t\t\t\twindow.addEventListener('message', function(e) {\n\t\t\t\t\tvar data = e.data.split('-'),\n\t\t\t\t\t\tscroll_height = data[0],\n\t\t\t\t\t\tiframe_id = data[1];\n\t\t\t\t\tif(iframe_id == 'iframe1')\n\t\t\t\t\t\tdocument.getElementById('iframe-container-1').style.height = scroll_height + 'px'; } , false);\n\t\t\t\t<\/script>\n\t\t\t\t<!-- Recooty Widget END-->\n\n\t\t\t\t\t\t\t\t\t\t\t<\/div>\n\t\t\t\t<\/div>\n\t\t\t\t\t<\/div>\n\t\t<\/div>\n\t\t\t\t<div class=\"elementor-column elementor-col-50 elementor-top-column elementor-element elementor-element-ccb750f\" data-id=\"ccb750f\" data-element_type=\"column\" data-e-type=\"column\">\n\t\t\t<div class=\"elementor-widget-wrap elementor-element-populated\">\n\t\t\t\t\t\t<div class=\"elementor-element elementor-element-542d1ec elementor-widget elementor-widget-raven-image\" data-id=\"542d1ec\" data-element_type=\"widget\" data-e-type=\"widget\" data-widget_type=\"raven-image.default\">\n\t\t\t\t<div class=\"elementor-widget-container\">\n\t\t\t\t\t\t\t<div class=\"raven-image\">\n\t\t\n\t\t\n\t\t<img fetchpriority=\"high\" decoding=\"async\" width=\"889\" height=\"500\" src=\"https:\/\/mount.engineering\/wp-content\/uploads\/2021\/03\/carreiras.jpg\" class=\"attachment-full size-full wp-image-1444\" alt=\"\" srcset=\"https:\/\/mount.engineering\/wp-content\/uploads\/2021\/03\/carreiras.jpg 889w, https:\/\/mount.engineering\/wp-content\/uploads\/2021\/03\/carreiras-300x169.jpg 300w, https:\/\/mount.engineering\/wp-content\/uploads\/2021\/03\/carreiras-768x432.jpg 768w\" sizes=\"(max-width: 889px) 100vw, 889px\" \/>\t\t<\/div>\n\t\t\t\t\t\t<\/div>\n\t\t\t\t<\/div>\n\t\t\t\t\t<\/div>\n\t\t<\/div>\n\t\t\t\t\t<\/div>\n\t\t<\/section>\n\t\t\t\t<\/div>\n\t\t","protected":false},"excerpt":{"rendered":"<p>Carreras \u00a1Ven a trabajar con nosotros! Mount est\u00e1 impulsado por desaf\u00edos: si t\u00fa tambi\u00e9n lo est\u00e1s, \u00a1est\u00e1s en el lugar correcto! Haga clic en \u00abCARREIRAS MOUNT\u00bb a continuaci\u00f3n para cargar su CV y ver nuestras posiciones abiertas.<\/p>\n","protected":false},"author":1,"featured_media":1441,"parent":0,"menu_order":0,"comment_status":"closed","ping_status":"closed","template":"elementor_header_footer","meta":{"_acf_changed":false,"footnotes":""},"class_list":["post-1982","page","type-page","status-publish","has-post-thumbnail","hentry"],"acf":[],"_links":{"self":[{"href":"https:\/\/mount.engineering\/es\/wp-json\/wp\/v2\/pages\/1982","targetHints":{"allow":["GET"]}}],"collection":[{"href":"https:\/\/mount.engineering\/es\/wp-json\/wp\/v2\/pages"}],"about":[{"href":"https:\/\/mount.engineering\/es\/wp-json\/wp\/v2\/types\/page"}],"author":[{"embeddable":true,"href":"https:\/\/mount.engineering\/es\/wp-json\/wp\/v2\/users\/1"}],"replies":[{"embeddable":true,"href":"https:\/\/mount.engineering\/es\/wp-json\/wp\/v2\/comments?post=1982"}],"version-history":[{"count":11,"href":"https:\/\/mount.engineering\/es\/wp-json\/wp\/v2\/pages\/1982\/revisions"}],"predecessor-version":[{"id":2637,"href":"https:\/\/mount.engineering\/es\/wp-json\/wp\/v2\/pages\/1982\/revisions\/2637"}],"wp:featuredmedia":[{"embeddable":true,"href":"https:\/\/mount.engineering\/es\/wp-json\/wp\/v2\/media\/1441"}],"wp:attachment":[{"href":"https:\/\/mount.engineering\/es\/wp-json\/wp\/v2\/media?parent=1982"}],"curies":[{"name":"wp","href":"https:\/\/api.w.org\/{rel}","templated":true}]}}