{"id":2305,"date":"2021-11-08T13:43:05","date_gmt":"2021-11-08T16:43:05","guid":{"rendered":"https:\/\/mount.engineering\/?page_id=2305"},"modified":"2021-11-08T13:43:06","modified_gmt":"2021-11-08T16:43:06","slug":"plataforma-%ce%b1-phe","status":"publish","type":"page","link":"https:\/\/mount.engineering\/es\/productos-y-representaciones\/plataforma-%ce%b1-phe\/","title":{"rendered":"Plataforma \u03b1-phe"},"content":{"rendered":"\t\t<div data-elementor-type=\"wp-page\" data-elementor-id=\"2305\" class=\"elementor elementor-2305 elementor-2303\" data-elementor-post-type=\"page\">\n\t\t\t\t\t\t<section class=\"elementor-section elementor-top-section elementor-element elementor-element-202def5 elementor-section-height-min-height elementor-section-items-stretch elementor-section-boxed elementor-section-height-default\" data-id=\"202def5\" data-element_type=\"section\" data-e-type=\"section\" data-settings=\"{&quot;background_background&quot;:&quot;classic&quot;}\">\n\t\t\t\t\t\t\t<div class=\"elementor-background-overlay\"><\/div>\n\t\t\t\t\t\t\t<div class=\"elementor-container elementor-column-gap-default\">\n\t\t\t\t\t<div class=\"elementor-column elementor-col-100 elementor-top-column elementor-element elementor-element-4dbc278\" data-id=\"4dbc278\" data-element_type=\"column\" data-e-type=\"column\">\n\t\t\t<div class=\"elementor-widget-wrap elementor-element-populated\">\n\t\t\t\t\t\t<div class=\"elementor-element elementor-element-2417269 elementor-tablet-align-center elementor-align-center elementor-widget elementor-widget-raven-heading\" data-id=\"2417269\" data-element_type=\"widget\" data-e-type=\"widget\" data-widget_type=\"raven-heading.default\">\n\t\t\t\t<div class=\"elementor-widget-container\">\n\t\t\t\t\t\t\t<div class=\"raven-widget-wrapper\"><h1 class=\"raven-heading raven-heading-h1\"><span class=\"raven-heading-title \">Plataforma \u03b1-phe<\/span><\/h1><\/div>\n\t\t\t\t\t\t<\/div>\n\t\t\t\t<\/div>\n\t\t\t\t\t<\/div>\n\t\t<\/div>\n\t\t\t\t\t<\/div>\n\t\t<\/section>\n\t\t\t\t<section class=\"elementor-section elementor-top-section elementor-element elementor-element-27ec954d elementor-section-boxed elementor-section-height-default elementor-section-height-default\" data-id=\"27ec954d\" data-element_type=\"section\" data-e-type=\"section\">\n\t\t\t\t\t\t<div class=\"elementor-container elementor-column-gap-default\">\n\t\t\t\t\t<div class=\"elementor-column elementor-col-50 elementor-top-column elementor-element elementor-element-7a929782\" data-id=\"7a929782\" data-element_type=\"column\" data-e-type=\"column\">\n\t\t\t<div class=\"elementor-widget-wrap elementor-element-populated\">\n\t\t\t\t\t\t<div class=\"elementor-element elementor-element-8ade842 elementor-tablet-align-center elementor-align-left elementor-widget elementor-widget-raven-heading\" data-id=\"8ade842\" data-element_type=\"widget\" data-e-type=\"widget\" data-widget_type=\"raven-heading.default\">\n\t\t\t\t<div class=\"elementor-widget-container\">\n\t\t\t\t\t\t\t<div class=\"raven-widget-wrapper\"><h4 class=\"raven-heading raven-heading-h4\"><span class=\"raven-heading-title \">Productos y Representaciones<\/span><\/h4><\/div>\n\t\t\t\t\t\t<\/div>\n\t\t\t\t<\/div>\n\t\t\t\t<div class=\"elementor-element elementor-element-5d0432c3 elementor-tablet-align-center elementor-align-left elementor-widget elementor-widget-raven-heading\" data-id=\"5d0432c3\" data-element_type=\"widget\" data-e-type=\"widget\" data-widget_type=\"raven-heading.default\">\n\t\t\t\t<div class=\"elementor-widget-container\">\n\t\t\t\t\t\t\t<div class=\"raven-widget-wrapper\"><h2 class=\"raven-heading raven-heading-h2\"><span class=\"raven-heading-title \">Plataforma \u03b1-phe<\/span><\/h2><\/div>\n\t\t\t\t\t\t<\/div>\n\t\t\t\t<\/div>\n\t\t\t\t<div class=\"elementor-element elementor-element-38d38c4 elementor-widget elementor-widget-text-editor\" data-id=\"38d38c4\" data-element_type=\"widget\" data-e-type=\"widget\" data-widget_type=\"text-editor.default\">\n\t\t\t\t<div class=\"elementor-widget-container\">\n\t\t\t\t\t\t\t\t\t<p>Una plataforma moderna y completa del Sistema de gesti\u00f3n de integridad de activos (AIMS) que se puede implementar a la velocidad del rayo.<\/p>\n<p>El objetivo principal de \u03b1-Phe AIMS es proporcionar el mejor sistema de software de integridad de activos, personalizado para cumplir con los requisitos AIMS de la empresa y exclusivo para ellos.<\/p>\n<p>Principales caracter\u00edsticas:<\/p>\n<ul>\n<li>Un sistema \u00fanico para todos los activos ascendentes y descendentes, que proporciona un entendimiento com\u00fan en todas las empresas.<\/li>\n<li>El sistema de software \u03b1-Phe AIMS tiene un enfoque hol\u00edstico que utiliza tecnolog\u00eda de pr\u00f3xima generaci\u00f3n<\/li>\n<li>Reducir significativamente los costos asociados con el mantenimiento de sistemas fragmentados.<\/li>\n<li>Un sistema completo con una soluci\u00f3n de integridad de activos para cada clase de activos y equipos asociados.<\/li>\n<li>Metodolog\u00edas y rutinas de evaluaci\u00f3n de AIMS basadas en los \u00faltimos c\u00f3digos, est\u00e1ndares, directrices de la industria y mejores pr\u00e1cticas, incluida la norma ISO 55000<\/li>\n<li>Mejorar los procesos de trabajo para lograr una eficiencia laboral \u00f3ptima<\/li>\n<li>Mejorar la comunicaci\u00f3n entre departamentos<\/li>\n<li>Mejorar la eficiencia al eliminar la duplicaci\u00f3n de trabajo.<\/li>\n<\/ul>\n<p>&nbsp;<\/p>\n<p>El principal beneficio de \u03b1-Phe AIMS es garantizar que un activo realizar\u00e1 sus funciones necesarias de manera eficaz y eficiente, manteniendo el valor del activo y protegiendo a las personas, el medio ambiente y la reputaci\u00f3n de la empresa. Debe definir las personas, los sistemas, los procesos y los recursos necesarios para mantener la integridad del activo y garantizar que est\u00e9n en su lugar, se utilicen correctamente y funcionen cuando sea necesario durante todo el ciclo de vida del activo.<\/p>\n\t\t\t\t\t\t\t\t<\/div>\n\t\t\t\t<\/div>\n\t\t\t\t<div class=\"elementor-element elementor-element-337dadb7 elementor-align-left elementor-tablet-align-center elementor-widget elementor-widget-raven-button\" data-id=\"337dadb7\" data-element_type=\"widget\" data-e-type=\"widget\" data-settings=\"{&quot;turn_to_popup_action_button&quot;:&quot;no&quot;}\" data-widget_type=\"raven-button.default\">\n\t\t\t\t<div class=\"elementor-widget-container\">\n\t\t\t\t\t\t\t<div class=\"raven-widget-wrapper\">\n\t\t\t<a class=\"raven-button raven-button-widget-normal-effect-none  raven-button-text-align-center raven-button-link elementor-animation-none\" href=\"https:\/\/mount.engineering\/es\/contacto\/\" rel=\"nofollow\">\t\t\t\t<div class=\"raven-button-overlay\" ><\/div>\n\t\t\t\t<span class=\"raven-button-content\">\n\t\t\t\t\t\n\t\t\t\t\t<div class=\"button-text-container\">\n\t\t\t\t\t\t\t\t\t\t\t\t<div class=\"raven-button-texts-wrapper\">\n\t\t\t\t\t\t\t<div class=\"button-text\">\n\t\t\t\t\t\t\t\t<span class=\"raven-button-text\">\n\t\t\t\t\t\t\t\t\tSaber m\u00e1s\t\t\t\t\t\t\t\t<\/span>\n\t\t\t\t\t\t\t<\/div>\n\t\t\t\t\t\t\t\t\t\t\t\t\t<\/div>\n\t\t\t\t\t\t\t\t\t\t\t<\/div>\n\t\t\t\t\t\n\t\t\t\t\t\t\t\t\t<\/span>\n\t\t\t<\/a>\t\t<\/div>\n\t\t\t\t\t\t<\/div>\n\t\t\t\t<\/div>\n\t\t\t\t\t<\/div>\n\t\t<\/div>\n\t\t\t\t<div class=\"elementor-column elementor-col-50 elementor-top-column elementor-element elementor-element-dfbfcea\" data-id=\"dfbfcea\" data-element_type=\"column\" data-e-type=\"column\">\n\t\t\t<div class=\"elementor-widget-wrap elementor-element-populated\">\n\t\t\t\t\t\t<div class=\"elementor-element elementor-element-4620b71b elementor-widget elementor-widget-raven-image\" data-id=\"4620b71b\" data-element_type=\"widget\" data-e-type=\"widget\" data-widget_type=\"raven-image.default\">\n\t\t\t\t<div class=\"elementor-widget-container\">\n\t\t\t\t\t\t\t<div class=\"raven-image\">\n\t\t\n\t\t\n\t\t<img fetchpriority=\"high\" decoding=\"async\" width=\"623\" height=\"450\" src=\"https:\/\/mount.engineering\/wp-content\/uploads\/2021\/02\/Wrench-produto.jpg\" class=\"attachment-full size-full wp-image-1198\" alt=\"\" srcset=\"https:\/\/mount.engineering\/wp-content\/uploads\/2021\/02\/Wrench-produto.jpg 623w, https:\/\/mount.engineering\/wp-content\/uploads\/2021\/02\/Wrench-produto-300x217.jpg 300w\" sizes=\"(max-width: 623px) 100vw, 623px\" \/>\t\t<\/div>\n\t\t\t\t\t\t<\/div>\n\t\t\t\t<\/div>\n\t\t\t\t\t<\/div>\n\t\t<\/div>\n\t\t\t\t\t<\/div>\n\t\t<\/section>\n\t\t\t\t<\/div>\n\t\t","protected":false},"excerpt":{"rendered":"<p>Plataforma \u03b1-phe Productos y Representaciones Plataforma \u03b1-phe Una plataforma moderna y completa del Sistema de gesti\u00f3n de integridad de activos (AIMS) que se puede implementar a la velocidad del rayo. El objetivo principal de \u03b1-Phe AIMS es proporcionar el mejor sistema de software de integridad de activos, personalizado para cumplir con los requisitos AIMS de [&hellip;]<\/p>\n","protected":false},"author":4,"featured_media":1569,"parent":1957,"menu_order":0,"comment_status":"closed","ping_status":"closed","template":"elementor_header_footer","meta":{"_acf_changed":false,"footnotes":""},"class_list":["post-2305","page","type-page","status-publish","has-post-thumbnail","hentry"],"acf":[],"_links":{"self":[{"href":"https:\/\/mount.engineering\/es\/wp-json\/wp\/v2\/pages\/2305","targetHints":{"allow":["GET"]}}],"collection":[{"href":"https:\/\/mount.engineering\/es\/wp-json\/wp\/v2\/pages"}],"about":[{"href":"https:\/\/mount.engineering\/es\/wp-json\/wp\/v2\/types\/page"}],"author":[{"embeddable":true,"href":"https:\/\/mount.engineering\/es\/wp-json\/wp\/v2\/users\/4"}],"replies":[{"embeddable":true,"href":"https:\/\/mount.engineering\/es\/wp-json\/wp\/v2\/comments?post=2305"}],"version-history":[{"count":3,"href":"https:\/\/mount.engineering\/es\/wp-json\/wp\/v2\/pages\/2305\/revisions"}],"predecessor-version":[{"id":2329,"href":"https:\/\/mount.engineering\/es\/wp-json\/wp\/v2\/pages\/2305\/revisions\/2329"}],"up":[{"embeddable":true,"href":"https:\/\/mount.engineering\/es\/wp-json\/wp\/v2\/pages\/1957"}],"wp:featuredmedia":[{"embeddable":true,"href":"https:\/\/mount.engineering\/es\/wp-json\/wp\/v2\/media\/1569"}],"wp:attachment":[{"href":"https:\/\/mount.engineering\/es\/wp-json\/wp\/v2\/media?parent=2305"}],"curies":[{"name":"wp","href":"https:\/\/api.w.org\/{rel}","templated":true}]}}